{"id":4392,"date":"2024-11-04T15:43:50","date_gmt":"2024-11-04T13:43:50","guid":{"rendered":"https:\/\/cinfinity.de\/?page_id=4392"},"modified":"2026-04-17T17:46:50","modified_gmt":"2026-04-17T15:46:50","slug":"startseite","status":"publish","type":"page","link":"https:\/\/cinfinity.de\/en\/","title":{"rendered":"Home page"},"content":{"rendered":"<div data-elementor-type=\"wp-page\" data-elementor-id=\"4392\" class=\"elementor elementor-4392\" data-elementor-post-type=\"page\">\n\t\t\t\t<div class=\"elementor-element elementor-element-3171b85 e-con-full e-flex e-con e-parent\" data-id=\"3171b85\" data-element_type=\"container\">\n\t\t\t\t<div class=\"elementor-element elementor-element-18edfed elementor-widget elementor-widget-video\" data-id=\"18edfed\" data-element_type=\"widget\" data-settings=\"{&quot;video_type&quot;:&quot;hosted&quot;,&quot;autoplay&quot;:&quot;yes&quot;,&quot;play_on_mobile&quot;:&quot;yes&quot;,&quot;mute&quot;:&quot;yes&quot;,&quot;loop&quot;:&quot;yes&quot;}\" data-widget_type=\"video.default\">\n\t\t\t\t<div class=\"elementor-widget-container\">\n\t\t\t\t\t\t\t<div class=\"e-hosted-video elementor-wrapper elementor-open-inline\">\n\t\t\t\t\t<video class=\"elementor-video\" src=\"https:\/\/cinfinity.de\/wp-content\/uploads\/2026\/02\/CINFINITY-Das-Kino-Abo-das-verbindet.mp4\" autoplay=\"\" loop=\"\" muted=\"muted\" playsinline=\"\" controlslist=\"nodownload\"><\/video>\n\t\t\t\t<\/div>\n\t\t\t\t\t\t<\/div>\n\t\t\t\t<\/div>\n\t\t\t\t<\/div>\n\t\t<div class=\"elementor-element elementor-element-693ff306 e-con-full elementor-hidden-desktop elementor-hidden-tablet elementor-hidden-mobile e-flex e-con e-parent\" data-id=\"693ff306\" data-element_type=\"container\">\n\t\t\t\t<div class=\"elementor-element elementor-element-16baa024 elementor-widget elementor-widget-video\" data-id=\"16baa024\" data-element_type=\"widget\" data-settings=\"{&quot;youtube_url&quot;:&quot;https:\\\/\\\/www.youtube.com\\\/watch?v=CoxgYMNaPzc&quot;,&quot;autoplay&quot;:&quot;yes&quot;,&quot;play_on_mobile&quot;:&quot;yes&quot;,&quot;mute&quot;:&quot;yes&quot;,&quot;loop&quot;:&quot;yes&quot;,&quot;yt_privacy&quot;:&quot;yes&quot;,&quot;video_type&quot;:&quot;youtube&quot;}\" data-widget_type=\"video.default\">\n\t\t\t\t<div class=\"elementor-widget-container\">\n\t\t\t\t\t\t\t<div class=\"elementor-wrapper elementor-open-inline\">\n\t\t\t<div class=\"elementor-video\"><\/div>\t\t<\/div>\n\t\t\t\t\t\t<\/div>\n\t\t\t\t<\/div>\n\t\t\t\t<\/div>\n\t\t<div class=\"elementor-element elementor-element-2593e380 e-flex e-con-boxed e-con e-parent\" data-id=\"2593e380\" data-element_type=\"container\" data-settings=\"{&quot;background_background&quot;:&quot;classic&quot;}\">\n\t\t\t\t\t<div class=\"e-con-inner\">\n\t\t<div class=\"elementor-element elementor-element-19828b34 e-con-full e-flex e-con e-child\" data-id=\"19828b34\" data-element_type=\"container\">\n\t\t\t\t<div class=\"elementor-element elementor-element-2d0c7c3e elementor-widget elementor-widget-image\" data-id=\"2d0c7c3e\" data-element_type=\"widget\" data-widget_type=\"image.default\">\n\t\t\t\t<div class=\"elementor-widget-container\">\n\t\t\t\t\t\t\t\t\t\t\t\t\t\t\t<img fetchpriority=\"high\" decoding=\"async\" width=\"797\" height=\"1536\" src=\"https:\/\/cinfinity.de\/wp-content\/uploads\/2024\/11\/01_frei-797x1536.png\" class=\"attachment-1536x1536 size-1536x1536 wp-image-6045\" alt=\"\" srcset=\"https:\/\/cinfinity.de\/wp-content\/uploads\/2024\/11\/01_frei-797x1536.png 797w, https:\/\/cinfinity.de\/wp-content\/uploads\/2024\/11\/01_frei-156x300.png 156w, https:\/\/cinfinity.de\/wp-content\/uploads\/2024\/11\/01_frei-768x1479.png 768w, https:\/\/cinfinity.de\/wp-content\/uploads\/2024\/11\/01_frei-1063x2048.png 1063w, https:\/\/cinfinity.de\/wp-content\/uploads\/2024\/11\/01_frei-6x12.png 6w, https:\/\/cinfinity.de\/wp-content\/uploads\/2024\/11\/01_frei.png 1304w\" sizes=\"(max-width: 797px) 100vw, 797px\" \/>\t\t\t\t\t\t\t\t\t\t\t\t\t\t\t<\/div>\n\t\t\t\t<\/div>\n\t\t\t\t<\/div>\n\t\t<div class=\"elementor-element elementor-element-297f8602 e-con-full e-flex e-con e-child\" data-id=\"297f8602\" data-element_type=\"container\">\n\t\t\t\t<div class=\"elementor-element elementor-element-2ac3b0fb elementor-widget elementor-widget-heading\" data-id=\"2ac3b0fb\" data-element_type=\"widget\" data-widget_type=\"heading.default\">\n\t\t\t\t<div class=\"elementor-widget-container\">\n\t\t\t\t\t<h2 class=\"elementor-heading-title elementor-size-default\">Infiniiiite cinema<\/h2>\t\t\t\t<\/div>\n\t\t\t\t<\/div>\n\t\t\t\t<div class=\"elementor-element elementor-element-42ad1e2e elementor-widget elementor-widget-heading\" data-id=\"42ad1e2e\" data-element_type=\"widget\" data-widget_type=\"heading.default\">\n\t\t\t\t<div class=\"elementor-widget-container\">\n\t\t\t\t\t<h2 class=\"elementor-heading-title elementor-size-default\">Infinitely often and incredibly easy to go to the movies<\/h2>\t\t\t\t<\/div>\n\t\t\t\t<\/div>\n\t\t\t\t<div class=\"elementor-element elementor-element-71cc49b4 elementor-widget__width-initial elementor-widget elementor-widget-text-editor\" data-id=\"71cc49b4\" data-element_type=\"widget\" data-widget_type=\"text-editor.default\">\n\t\t\t\t<div class=\"elementor-widget-container\">\n\t\t\t\t\t\t\t\t\t<p>With the <strong>CINFINITY<\/strong> cinema subscription, you can easily enjoy unlimited movies on the big screen in all partner cinemas throughout Germany. All you need is your smartphone and the <strong>CINFINITY<\/strong>-app - and the movie experience begins.<\/p>\t\t\t\t\t\t\t\t<\/div>\n\t\t\t\t<\/div>\n\t\t\t\t<div class=\"elementor-element elementor-element-bf4cec elementor-align-center elementor-mobile-align-center elementor-widget elementor-widget-button\" data-id=\"bf4cec\" data-element_type=\"widget\" data-widget_type=\"button.default\">\n\t\t\t\t<div class=\"elementor-widget-container\">\n\t\t\t\t\t\t\t\t\t<div class=\"elementor-button-wrapper\">\n\t\t\t\t\t<a class=\"elementor-button elementor-button-link elementor-size-md\" href=\"https:\/\/cinfinity.de\/en\/kino-abo\/#preise\">\n\t\t\t\t\t\t<span class=\"elementor-button-content-wrapper\">\n\t\t\t\t\t\t\t\t\t<span class=\"elementor-button-text\">To our subscription<\/span>\n\t\t\t\t\t<\/span>\n\t\t\t\t\t<\/a>\n\t\t\t\t<\/div>\n\t\t\t\t\t\t\t\t<\/div>\n\t\t\t\t<\/div>\n\t\t\t\t<div class=\"elementor-element elementor-element-595c7f51 elementor-align-center elementor-hidden-desktop elementor-mobile-align-center elementor-hidden-tablet elementor-hidden-mobile elementor-widget elementor-widget-button\" data-id=\"595c7f51\" data-element_type=\"widget\" data-widget_type=\"button.default\">\n\t\t\t\t<div class=\"elementor-widget-container\">\n\t\t\t\t\t\t\t\t\t<div class=\"elementor-button-wrapper\">\n\t\t\t\t\t<a class=\"elementor-button elementor-button-link elementor-size-md\" href=\"https:\/\/cinfinity.de\/en\/app-download\/\">\n\t\t\t\t\t\t<span class=\"elementor-button-content-wrapper\">\n\t\t\t\t\t\t\t\t\t<span class=\"elementor-button-text\">register now<\/span>\n\t\t\t\t\t<\/span>\n\t\t\t\t\t<\/a>\n\t\t\t\t<\/div>\n\t\t\t\t\t\t\t\t<\/div>\n\t\t\t\t<\/div>\n\t\t<div class=\"elementor-element elementor-element-363ffff9 e-con-full e-flex e-con e-child\" data-id=\"363ffff9\" data-element_type=\"container\">\n\t\t<div class=\"elementor-element elementor-element-709155b3 e-con-full e-flex e-con e-child\" data-id=\"709155b3\" data-element_type=\"container\">\n\t\t\t\t<div class=\"elementor-element elementor-element-37b0448c elementor-widget elementor-widget-image\" data-id=\"37b0448c\" data-element_type=\"widget\" data-widget_type=\"image.default\">\n\t\t\t\t<div class=\"elementor-widget-container\">\n\t\t\t\t\t\t\t\t\t\t\t\t\t\t\t\t<a href=\"https:\/\/apps.apple.com\/de\/app\/cinfinity\/id6472655426\" target=\"_blank\" rel=\"noopener\">\n\t\t\t\t\t\t\t<img decoding=\"async\" width=\"1200\" height=\"356\" src=\"https:\/\/cinfinity.de\/wp-content\/uploads\/2024\/11\/Apple_Download.png\" class=\"attachment-full size-full wp-image-4441\" alt=\"\" srcset=\"https:\/\/cinfinity.de\/wp-content\/uploads\/2024\/11\/Apple_Download.png 1200w, https:\/\/cinfinity.de\/wp-content\/uploads\/2024\/11\/Apple_Download-300x89.png 300w, https:\/\/cinfinity.de\/wp-content\/uploads\/2024\/11\/Apple_Download-768x228.png 768w\" sizes=\"(max-width: 1200px) 100vw, 1200px\" \/>\t\t\t\t\t\t\t\t<\/a>\n\t\t\t\t\t\t\t\t\t\t\t\t\t\t\t<\/div>\n\t\t\t\t<\/div>\n\t\t\t\t<\/div>\n\t\t<div class=\"elementor-element elementor-element-3aa04529 e-con-full e-flex e-con e-child\" data-id=\"3aa04529\" data-element_type=\"container\">\n\t\t\t\t<div class=\"elementor-element elementor-element-64a625da elementor-widget elementor-widget-image\" data-id=\"64a625da\" data-element_type=\"widget\" data-widget_type=\"image.default\">\n\t\t\t\t<div class=\"elementor-widget-container\">\n\t\t\t\t\t\t\t\t\t\t\t\t\t\t\t\t<a href=\"https:\/\/play.google.com\/store\/apps\/details?id=de.cinfinity.app\" target=\"_blank\" rel=\"noopener\">\n\t\t\t\t\t\t\t<img decoding=\"async\" width=\"1200\" height=\"357\" src=\"https:\/\/cinfinity.de\/wp-content\/uploads\/2024\/11\/Google_Download.png\" class=\"attachment-full size-full wp-image-4442\" alt=\"\" srcset=\"https:\/\/cinfinity.de\/wp-content\/uploads\/2024\/11\/Google_Download.png 1200w, https:\/\/cinfinity.de\/wp-content\/uploads\/2024\/11\/Google_Download-300x89.png 300w, https:\/\/cinfinity.de\/wp-content\/uploads\/2024\/11\/Google_Download-768x228.png 768w\" sizes=\"(max-width: 1200px) 100vw, 1200px\" \/>\t\t\t\t\t\t\t\t<\/a>\n\t\t\t\t\t\t\t\t\t\t\t\t\t\t\t<\/div>\n\t\t\t\t<\/div>\n\t\t\t\t<\/div>\n\t\t\t\t<\/div>\n\t\t\t\t<\/div>\n\t\t\t\t\t<\/div>\n\t\t\t\t<\/div>\n\t\t<div class=\"elementor-element elementor-element-2e60ab69 e-flex e-con-boxed e-con e-parent\" data-id=\"2e60ab69\" data-element_type=\"container\" data-settings=\"{&quot;background_background&quot;:&quot;classic&quot;,&quot;shape_divider_top&quot;:&quot;tilt&quot;}\">\n\t\t\t\t\t<div class=\"e-con-inner\">\n\t\t\t\t<div class=\"elementor-shape elementor-shape-top\" aria-hidden=\"true\" data-negative=\"false\">\n\t\t\t<svg xmlns=\"http:\/\/www.w3.org\/2000\/svg\" viewbox=\"0 0 1000 100\" preserveaspectratio=\"none\">\n\t<path class=\"elementor-shape-fill\" d=\"M0,6V0h1000v100L0,6z\"\/>\n<\/svg>\t\t<\/div>\n\t\t<div class=\"elementor-element elementor-element-6fbb1d4 e-con-full e-flex e-con e-child\" data-id=\"6fbb1d4\" data-element_type=\"container\">\n\t\t\t\t<div class=\"elementor-element elementor-element-51b41c0 elementor-hidden-desktop elementor-hidden-tablet elementor-widget elementor-widget-image\" data-id=\"51b41c0\" data-element_type=\"widget\" data-widget_type=\"image.default\">\n\t\t\t\t<div class=\"elementor-widget-container\">\n\t\t\t\t\t\t\t\t\t\t\t\t\t\t\t<img loading=\"lazy\" decoding=\"async\" width=\"800\" height=\"533\" src=\"https:\/\/cinfinity.de\/wp-content\/uploads\/2024\/11\/Cinfinity_Gutschein_quer.jpg\" class=\"attachment-large size-large wp-image-5600\" alt=\"\" srcset=\"https:\/\/cinfinity.de\/wp-content\/uploads\/2024\/11\/Cinfinity_Gutschein_quer.jpg 1400w, https:\/\/cinfinity.de\/wp-content\/uploads\/2024\/11\/Cinfinity_Gutschein_quer-300x200.jpg 300w, https:\/\/cinfinity.de\/wp-content\/uploads\/2024\/11\/Cinfinity_Gutschein_quer-768x512.jpg 768w, https:\/\/cinfinity.de\/wp-content\/uploads\/2024\/11\/Cinfinity_Gutschein_quer-18x12.jpg 18w\" sizes=\"(max-width: 800px) 100vw, 800px\" \/>\t\t\t\t\t\t\t\t\t\t\t\t\t\t\t<\/div>\n\t\t\t\t<\/div>\n\t\t\t\t<div class=\"elementor-element elementor-element-f248fdc elementor-widget elementor-widget-heading\" data-id=\"f248fdc\" data-element_type=\"widget\" data-widget_type=\"heading.default\">\n\t\t\t\t<div class=\"elementor-widget-container\">\n\t\t\t\t\t<h2 class=\"elementor-heading-title elementor-size-default\">Endless cinema as a gift.<\/h2>\t\t\t\t<\/div>\n\t\t\t\t<\/div>\n\t\t\t\t<div class=\"elementor-element elementor-element-6913587c elementor-widget elementor-widget-button\" data-id=\"6913587c\" data-element_type=\"widget\" data-widget_type=\"button.default\">\n\t\t\t\t<div class=\"elementor-widget-container\">\n\t\t\t\t\t\t\t\t\t<div class=\"elementor-button-wrapper\">\n\t\t\t\t\t<a class=\"elementor-button elementor-button-link elementor-size-md\" href=\"https:\/\/shop.cinfinity.de\/\" target=\"_blank\">\n\t\t\t\t\t\t<span class=\"elementor-button-content-wrapper\">\n\t\t\t\t\t\t\t\t\t<span class=\"elementor-button-text\">To the store<\/span>\n\t\t\t\t\t<\/span>\n\t\t\t\t\t<\/a>\n\t\t\t\t<\/div>\n\t\t\t\t\t\t\t\t<\/div>\n\t\t\t\t<\/div>\n\t\t\t\t<div class=\"elementor-element elementor-element-34c4b202 elementor-widget__width-initial elementor-widget elementor-widget-text-editor\" data-id=\"34c4b202\" data-element_type=\"widget\" data-widget_type=\"text-editor.default\">\n\t\t\t\t<div class=\"elementor-widget-container\">\n\t\t\t\t\t\t\t\t\t<p>With our CINFINITY PASS voucher, you can now easily make friends and family happy. Whether you are a CINFINITY newcomer or have an existing subscription - we have the perfect gift for all movie fans. \u00a0<\/p><p>\u00a0<\/p>\t\t\t\t\t\t\t\t<\/div>\n\t\t\t\t<\/div>\n\t\t\t\t<\/div>\n\t\t<div class=\"elementor-element elementor-element-6caf2429 e-con-full e-flex e-con e-child\" data-id=\"6caf2429\" data-element_type=\"container\">\n\t\t\t\t<\/div>\n\t\t\t\t\t<\/div>\n\t\t\t\t<\/div>\n\t\t<div class=\"elementor-element elementor-element-4646d495 e-grid e-con-boxed e-con e-parent\" data-id=\"4646d495\" data-element_type=\"container\">\n\t\t\t\t\t<div class=\"e-con-inner\">\n\t\t\t\t\t<\/div>\n\t\t\t\t<\/div>\n\t\t\t\t<\/div>","protected":false},"excerpt":{"rendered":"<p>https:\/\/cinfinity.de\/wp-content\/uploads\/2026\/02\/CINFINITY-Das-Kino-Abo-das-verbindet.mp4https:\/\/www.youtube.com\/watch?v=CoxgYMNaPzc Uneeendlich Kino Unendlich oft und unglaublich einfach ins Kino Mit dem CINFINITY Kino-Abo kannst du unkompliziert deutschlandweit in allen Partnerkinos unbegrenzt Filme auf der gro\u00dfen Leinwand genie\u00dfen. Du brauchst daf\u00fcr nur dein Smartphone und die CINFINITY-App \u2013 und schon beginnt das Kinoerlebnis. Zu unserem Abo jetzt anmelden Unendlich Kino verschenken Zum Shop Mit unserem [&hellip;]<\/p>\n","protected":false},"author":5,"featured_media":5978,"parent":0,"menu_order":0,"comment_status":"closed","ping_status":"closed","template":"","meta":{"_acf_changed":false,"footnotes":""},"class_list":["post-4392","page","type-page","status-publish","has-post-thumbnail","hentry"],"acf":[],"_links":{"self":[{"href":"https:\/\/cinfinity.de\/en\/wp-json\/wp\/v2\/pages\/4392","targetHints":{"allow":["GET"]}}],"collection":[{"href":"https:\/\/cinfinity.de\/en\/wp-json\/wp\/v2\/pages"}],"about":[{"href":"https:\/\/cinfinity.de\/en\/wp-json\/wp\/v2\/types\/page"}],"author":[{"embeddable":true,"href":"https:\/\/cinfinity.de\/en\/wp-json\/wp\/v2\/users\/5"}],"replies":[{"embeddable":true,"href":"https:\/\/cinfinity.de\/en\/wp-json\/wp\/v2\/comments?post=4392"}],"version-history":[{"count":295,"href":"https:\/\/cinfinity.de\/en\/wp-json\/wp\/v2\/pages\/4392\/revisions"}],"predecessor-version":[{"id":8871,"href":"https:\/\/cinfinity.de\/en\/wp-json\/wp\/v2\/pages\/4392\/revisions\/8871"}],"wp:featuredmedia":[{"embeddable":true,"href":"https:\/\/cinfinity.de\/en\/wp-json\/wp\/v2\/media\/5978"}],"wp:attachment":[{"href":"https:\/\/cinfinity.de\/en\/wp-json\/wp\/v2\/media?parent=4392"}],"curies":[{"name":"wp","href":"https:\/\/api.w.org\/{rel}","templated":true}]}}