{"id":2381,"date":"2023-12-08T17:50:09","date_gmt":"2023-12-08T15:50:09","guid":{"rendered":"https:\/\/blog.cinfinity.de\/?page_id=2381"},"modified":"2025-02-24T13:29:32","modified_gmt":"2025-02-24T12:29:32","slug":"impressum","status":"publish","type":"page","link":"https:\/\/cinfinity.de\/en\/impressum\/","title":{"rendered":"Imprint"},"content":{"rendered":"<div data-elementor-type=\"wp-page\" data-elementor-id=\"2381\" class=\"elementor elementor-2381\" data-elementor-post-type=\"page\">\n\t\t\t\t<div class=\"elementor-element elementor-element-72cf27e e-flex e-con-boxed e-con e-parent\" data-id=\"72cf27e\" data-element_type=\"container\" data-settings=\"{&quot;background_background&quot;:&quot;classic&quot;}\">\n\t\t\t\t\t<div class=\"e-con-inner\">\n\t\t\t\t<div class=\"elementor-element elementor-element-4e8be5b elementor-widget elementor-widget-heading\" data-id=\"4e8be5b\" data-element_type=\"widget\" data-widget_type=\"heading.default\">\n\t\t\t\t<div class=\"elementor-widget-container\">\n\t\t\t\t\t<h2 class=\"elementor-heading-title elementor-size-default\">IMPRINT<\/h2>\t\t\t\t<\/div>\n\t\t\t\t<\/div>\n\t\t\t\t<div class=\"elementor-element elementor-element-75d7449 elementor-widget elementor-widget-text-editor\" data-id=\"75d7449\" data-element_type=\"widget\" data-widget_type=\"text-editor.default\">\n\t\t\t\t<div class=\"elementor-widget-container\">\n\t\t\t\t\t\t\t\t\t<p>Operator of the website:<\/p><p>Cinfinity GmbH<br \/>GF: Martin Turowski, Ralf Thomsen<br \/>Theaterplatz 1<br \/>23909 Ratzeburg<\/p><p>Local Court L\u00fcbeck HRB 23792 HL<br \/>Mail: info@cinfinity.de<\/p><p>DISCLAIMER<\/p><p>Liability for content<br \/>The contents of our pages have been created with the greatest care. However, we cannot accept any liability for the accuracy, completeness and up-to-dateness of the content.<\/p><p>As a service provider, we are responsible for our own content on these pages in accordance with Section 7 (1) TMG (German Telemedia Act) and general legislation. According to \u00a7\u00a7 8 to 10 TMG, however, we as a service provider are not obliged to monitor transmitted or stored third-party information or to investigate circumstances that indicate illegal activity. Obligations to remove or block the use of information in accordance with general legislation remain unaffected by this. However, liability in this respect is only possible from the time of knowledge of a specific infringement. As soon as we become aware of such infringements, we will remove the content immediately.<\/p><p>Liability for links<br \/>Our website contains links to external third-party websites over whose content we have no influence. Therefore, we cannot accept any liability for this third-party content. The respective provider or operator of the pages is always responsible for the content of the linked pages. The linked pages were checked for possible legal violations at the time of linking. Illegal content was not recognizable at the time of linking. However, permanent monitoring of the content of the linked pages is not reasonable without concrete evidence of an infringement. If we become aware of any legal infringements, we will remove such links immediately.<\/p><p>Copyright<br \/>The operators of these pages make every effort to respect the copyrights of others or to use their own or license-free works.<\/p><p>We hereby expressly prohibit the use of contact data published within the scope of the imprint obligation by third parties for sending unsolicited advertising and information material. The operators of this website expressly reserve the right to take legal action in the event of the unsolicited sending of advertising information, such as spam e-mails.<\/p>\t\t\t\t\t\t\t\t<\/div>\n\t\t\t\t<\/div>\n\t\t\t\t\t<\/div>\n\t\t\t\t<\/div>\n\t\t\t\t<\/div>","protected":false},"excerpt":{"rendered":"<p>IMPRESSUM Betreiber der Website: Cinfinity GmbHGF: Martin Turowski, Ralf ThomsenTheaterplatz 123909 Ratzeburg Amtsgericht L\u00fcbeck HRB 23792 HLMail: info@cinfinity.de HAFTUNGSAUSSCHLUSS (Disclaimer) Haftung f\u00fcr InhalteDie Inhalte unserer Seiten wurden mit gr\u00f6\u00dfter Sorgfalt erstellt. F\u00fcr die Richtigkeit, Vollst\u00e4ndigkeit und Aktualit\u00e4t der Inhalte k\u00f6nnen wir jedoch keine Gew\u00e4hr \u00fcbernehmen. Als Diensteanbieter sind wir gem\u00e4\u00df \u00a7 7 Abs.1 TMG f\u00fcr [&hellip;]<\/p>\n","protected":false},"author":6,"featured_media":5978,"parent":0,"menu_order":0,"comment_status":"closed","ping_status":"closed","template":"","meta":{"_acf_changed":false,"footnotes":""},"class_list":["post-2381","page","type-page","status-publish","has-post-thumbnail","hentry"],"acf":[],"_links":{"self":[{"href":"https:\/\/cinfinity.de\/en\/wp-json\/wp\/v2\/pages\/2381","targetHints":{"allow":["GET"]}}],"collection":[{"href":"https:\/\/cinfinity.de\/en\/wp-json\/wp\/v2\/pages"}],"about":[{"href":"https:\/\/cinfinity.de\/en\/wp-json\/wp\/v2\/types\/page"}],"author":[{"embeddable":true,"href":"https:\/\/cinfinity.de\/en\/wp-json\/wp\/v2\/users\/6"}],"replies":[{"embeddable":true,"href":"https:\/\/cinfinity.de\/en\/wp-json\/wp\/v2\/comments?post=2381"}],"version-history":[{"count":39,"href":"https:\/\/cinfinity.de\/en\/wp-json\/wp\/v2\/pages\/2381\/revisions"}],"predecessor-version":[{"id":6457,"href":"https:\/\/cinfinity.de\/en\/wp-json\/wp\/v2\/pages\/2381\/revisions\/6457"}],"wp:featuredmedia":[{"embeddable":true,"href":"https:\/\/cinfinity.de\/en\/wp-json\/wp\/v2\/media\/5978"}],"wp:attachment":[{"href":"https:\/\/cinfinity.de\/en\/wp-json\/wp\/v2\/media?parent=2381"}],"curies":[{"name":"wp","href":"https:\/\/api.w.org\/{rel}","templated":true}]}}